{"id":25721,"date":"2023-12-23T19:28:56","date_gmt":"2023-12-23T19:28:56","guid":{"rendered":"https:\/\/arba-public-website-wordpress-production.up.railway.app\/book-demo\/"},"modified":"2025-02-27T13:03:14","modified_gmt":"2025-02-27T13:03:14","slug":"book-demo","status":"publish","type":"page","link":"https:\/\/website.arbasecurity.com\/da\/book-demo\/","title":{"rendered":"Book demo"},"content":{"rendered":"\t\t<div data-elementor-type=\"wp-page\" data-elementor-id=\"25721\" class=\"elementor elementor-25721 elementor-23767\">\n\t\t\t\t<div class=\"elementor-element elementor-element-edb369d e-flex e-con-boxed e-con e-parent\" data-id=\"edb369d\" data-element_type=\"container\">\n\t\t\t\t\t<div class=\"e-con-inner\">\n\t\t<div class=\"elementor-element elementor-element-1136b24 e-con-full e-flex e-con e-child\" data-id=\"1136b24\" data-element_type=\"container\">\n\t\t\t\t<div class=\"elementor-element elementor-element-d5a7125 animated-fast elementor-invisible elementor-widget elementor-widget-elementskit-heading\" data-id=\"d5a7125\" data-element_type=\"widget\" data-settings=\"{&quot;_animation&quot;:&quot;fadeIn&quot;,&quot;_animation_delay&quot;:100,&quot;ekit_we_effect_on&quot;:&quot;none&quot;}\" data-widget_type=\"elementskit-heading.default\">\n\t\t\t\t<div class=\"elementor-widget-container\">\n\t\t\t\t\t<div class=\"ekit-wid-con\" ><div class=\"ekit-heading elementskit-section-title-wraper text_center   ekit_heading_tablet-   ekit_heading_mobile-\"><h6 class=\"elementskit-section-subtitle   ekit-heading__subtitle-has-border\">\n\t\t\t\t\t\tF\u00e6rdige skabeloner\n\t\t\t\t\t<\/h6><h1 class=\"ekit-heading--title elementskit-section-title text_fill\">Book en demo p\u00e5 <span>free<\/span><\/h1>\t\t\t\t<div class='ekit-heading__description'>\n\t\t\t\t\t<p>Du er velkommen til at kontakte os ved hj\u00e6lp af nedenst\u00e5ende muligheder, og vores dedikerede team vil svare p\u00e5 dine foresp\u00f8rgsler med det samme.<\/p>\n\t\t\t\t<\/div>\n\t\t\t<\/div><\/div>\t\t\t\t<\/div>\n\t\t\t\t<\/div>\n\t\t\t\t<div class=\"elementor-element elementor-element-f833be7 animated-fast elementor-invisible elementor-widget elementor-widget-elementskit-breadcrumb\" data-id=\"f833be7\" data-element_type=\"widget\" data-settings=\"{&quot;_animation&quot;:&quot;fadeIn&quot;,&quot;_animation_delay&quot;:100,&quot;ekit_we_effect_on&quot;:&quot;none&quot;}\" data-widget_type=\"elementskit-breadcrumb.default\">\n\t\t\t\t<div class=\"elementor-widget-container\">\n\t\t\t\t\t<div class=\"ekit-wid-con\" ><ol class=\"ekit-breadcrumb\"><li class=\"ekit_breadcrumbs_start\"><a href=\"https:\/\/website.arbasecurity.com\/da\/\">Home<\/a><\/li><\/ol><\/div>\t\t\t\t<\/div>\n\t\t\t\t<\/div>\n\t\t\t\t<\/div>\n\t\t\t\t\t<\/div>\n\t\t\t\t<\/div>\n\t\t<div class=\"elementor-element elementor-element-7f72c1f e-flex e-con-boxed e-con e-parent\" data-id=\"7f72c1f\" data-element_type=\"container\" data-settings=\"{&quot;background_background&quot;:&quot;classic&quot;}\">\n\t\t\t\t\t<div class=\"e-con-inner\">\n\t\t<div class=\"elementor-element elementor-element-32c200a e-con-full e-flex e-con e-child\" data-id=\"32c200a\" data-element_type=\"container\">\n\t\t<div class=\"elementor-element elementor-element-f53cad7 e-con-full radial-gradient animated-fast e-flex elementor-invisible e-con e-child\" data-id=\"f53cad7\" data-element_type=\"container\" data-settings=\"{&quot;background_background&quot;:&quot;gradient&quot;,&quot;animation&quot;:&quot;fadeInUp&quot;,&quot;animation_delay&quot;:100}\">\n\t\t<div class=\"elementor-element elementor-element-ee24b05 e-con-full e-flex e-con e-child\" data-id=\"ee24b05\" data-element_type=\"container\" data-settings=\"{&quot;background_background&quot;:&quot;classic&quot;}\">\n\t\t<div class=\"elementor-element elementor-element-0553248 e-con-full e-flex e-con e-child\" data-id=\"0553248\" data-element_type=\"container\">\n\t\t\t\t<div class=\"elementor-element elementor-element-3bb9df8 elementor-widget elementor-widget-elementskit-contact-form7\" data-id=\"3bb9df8\" data-element_type=\"widget\" data-settings=\"{&quot;ekit_we_effect_on&quot;:&quot;none&quot;}\" data-widget_type=\"elementskit-contact-form7.default\">\n\t\t\t\t<div class=\"elementor-widget-container\">\n\t\t\t\t\t<div class=\"ekit-wid-con\" ><div class=\"ekit-form\">\n<div class=\"wpcf7 no-js\" id=\"wpcf7-f23422-o1\" lang=\"en-US\" dir=\"ltr\" data-wpcf7-id=\"23422\">\n<div class=\"screen-reader-response\"><p role=\"status\" aria-live=\"polite\" aria-atomic=\"true\"><\/p> <ul><\/ul><\/div>\n<form action=\"\/da\/wp-json\/wp\/v2\/pages\/25721#wpcf7-f23422-o1\" method=\"post\" class=\"wpcf7-form init\" aria-label=\"Contact form\" novalidate=\"novalidate\" data-status=\"init\">\n<div style=\"display: none;\">\n<input type=\"hidden\" name=\"_wpcf7\" value=\"23422\" \/>\n<input type=\"hidden\" name=\"_wpcf7_version\" value=\"6.0.3\" \/>\n<input type=\"hidden\" name=\"_wpcf7_locale\" value=\"en_US\" \/>\n<input type=\"hidden\" name=\"_wpcf7_unit_tag\" value=\"wpcf7-f23422-o1\" \/>\n<input type=\"hidden\" name=\"_wpcf7_container_post\" value=\"0\" \/>\n<input type=\"hidden\" name=\"_wpcf7_posted_data_hash\" value=\"\" \/>\n<\/div>\n<div class=\"inline-form\">\n\t<div class=\"keydesign-label\">\n\t\t<p><label>Your name *<\/label><span class=\"wpcf7-form-control-wrap\" data-name=\"your-name\"><input size=\"40\" maxlength=\"400\" class=\"wpcf7-form-control wpcf7-text wpcf7-validates-as-required\" autocomplete=\"name\" aria-required=\"true\" aria-invalid=\"false\" value=\"\" type=\"text\" name=\"your-name\" \/><\/span>\n\t\t<\/p>\n\t<\/div>\n\t<div class=\"keydesign-label\">\n\t\t<p><label>Company name<\/label><span class=\"wpcf7-form-control-wrap\" data-name=\"company-name\"><input size=\"40\" maxlength=\"400\" class=\"wpcf7-form-control wpcf7-text\" autocomplete=\"organization\" aria-invalid=\"false\" value=\"\" type=\"text\" name=\"company-name\" \/><\/span>\n\t\t<\/p>\n\t<\/div>\n<\/div>\n<div class=\"inline-form\">\n\t<div class=\"keydesign-label\">\n\t\t<p><label>Phone number *<\/label><span class=\"wpcf7-form-control-wrap\" data-name=\"phone-number\"><input size=\"40\" maxlength=\"400\" class=\"wpcf7-form-control wpcf7-tel wpcf7-validates-as-required wpcf7-text wpcf7-validates-as-tel\" autocomplete=\"tel\" aria-required=\"true\" aria-invalid=\"false\" value=\"\" type=\"tel\" name=\"phone-number\" \/><\/span>\n\t\t<\/p>\n\t<\/div>\n\t<div class=\"keydesign-label\">\n\t\t<p><label>Email address *<\/label><span class=\"wpcf7-form-control-wrap\" data-name=\"email-address\"><input size=\"40\" maxlength=\"400\" class=\"wpcf7-form-control wpcf7-email wpcf7-validates-as-required wpcf7-text wpcf7-validates-as-email\" autocomplete=\"email\" aria-required=\"true\" aria-invalid=\"false\" value=\"\" type=\"email\" name=\"email-address\" \/><\/span>\n\t\t<\/p>\n\t<\/div>\n<\/div>\n<div class=\"keydesign-label\">\n\t<p><label>Anything else you would like us to know?<\/label><span class=\"wpcf7-form-control-wrap\" data-name=\"your-message\"><textarea cols=\"40\" rows=\"10\" maxlength=\"2000\" class=\"wpcf7-form-control wpcf7-textarea\" aria-invalid=\"false\" name=\"your-message\"><\/textarea><\/span>\n\t<\/p>\n<\/div>\n<p><span class=\"wpcf7-form-control-wrap\" data-name=\"your-consent\"><span class=\"wpcf7-form-control wpcf7-acceptance\"><span class=\"wpcf7-list-item\"><label><input type=\"checkbox\" name=\"your-consent\" value=\"1\" aria-invalid=\"false\" \/><span class=\"wpcf7-list-item-label\">I understand and agree to the privacy policy.<\/span><\/label><\/span><\/span><\/span>\n<\/p>\n<p><input class=\"wpcf7-form-control wpcf7-submit has-spinner\" type=\"submit\" value=\"Submit request\" \/>\n<\/p><div class=\"wpcf7-response-output\" aria-hidden=\"true\"><\/div>\n<\/form>\n<\/div>\n<\/div><\/div>\t\t\t\t<\/div>\n\t\t\t\t<\/div>\n\t\t\t\t<\/div>\n\t\t\t\t<\/div>\n\t\t<div class=\"elementor-element elementor-element-22fc5af e-con-full e-flex e-con e-child\" data-id=\"22fc5af\" data-element_type=\"container\">\n\t\t\t\t<div class=\"elementor-element elementor-element-5189f72 animated-fast elementor-invisible elementor-widget elementor-widget-image\" data-id=\"5189f72\" data-element_type=\"widget\" data-settings=\"{&quot;_animation&quot;:&quot;fadeInUp&quot;,&quot;_animation_delay&quot;:400,&quot;ekit_we_effect_on&quot;:&quot;none&quot;}\" data-widget_type=\"image.default\">\n\t\t\t\t<div class=\"elementor-widget-container\">\n\t\t\t\t\t\t\t\t\t\t\t\t\t\t\t<img fetchpriority=\"high\" decoding=\"async\" width=\"450\" height=\"491\" src=\"https:\/\/website.arbasecurity.com\/wp-content\/uploads\/2023\/11\/finpath-mobileapp-4.png\" class=\"attachment-large size-large wp-image-23611\" alt=\"\" \/>\t\t\t\t\t\t\t\t\t\t\t\t\t\t\t<\/div>\n\t\t\t\t<\/div>\n\t\t\t\t<\/div>\n\t\t\t\t<\/div>\n\t\t\t\t<\/div>\n\t\t\t\t\t<\/div>\n\t\t\t\t<\/div>\n\t\t\t\t<\/div>\n\t\t","protected":false},"excerpt":{"rendered":"<p>F\u00e6rdige skabeloner Book en demo p\u00e5 free Du er velkommen til at kontakte os ved hj\u00e6lp af nedenst\u00e5ende muligheder, og vores dedikerede team vil svare p\u00e5 dine foresp\u00f8rgsler med det samme. Home Your name * Company name Phone number * Email address * Anything else you would like us to know? I understand and agree [&hellip;]<\/p>\n","protected":false},"author":1,"featured_media":0,"parent":0,"menu_order":0,"comment_status":"closed","ping_status":"closed","template":"","meta":{"footnotes":""},"class_list":["post-25721","page","type-page","status-publish","hentry"],"yoast_head":"<!-- This site is optimized with the Yoast SEO plugin v24.4 - https:\/\/yoast.com\/wordpress\/plugins\/seo\/ -->\n<title>Book demo - Arba Security<\/title>\n<meta name=\"robots\" content=\"index, follow, max-snippet:-1, max-image-preview:large, max-video-preview:-1\" \/>\n<link rel=\"canonical\" href=\"https:\/\/website.arbasecurity.com\/da\/book-demo\/\" \/>\n<meta property=\"og:locale\" content=\"da_DK\" \/>\n<meta property=\"og:type\" content=\"article\" \/>\n<meta property=\"og:title\" content=\"Book demo - Arba Security\" \/>\n<meta property=\"og:description\" content=\"F\u00e6rdige skabeloner Book en demo p\u00e5 free Du er velkommen til at kontakte os ved hj\u00e6lp af nedenst\u00e5ende muligheder, og vores dedikerede team vil svare p\u00e5 dine foresp\u00f8rgsler med det samme. Home Your name * Company name Phone number * Email address * Anything else you would like us to know? I understand and agree [&hellip;]\" \/>\n<meta property=\"og:url\" content=\"https:\/\/website.arbasecurity.com\/da\/book-demo\/\" \/>\n<meta property=\"og:site_name\" content=\"Arba Security\" \/>\n<meta property=\"article:modified_time\" content=\"2025-02-27T13:03:14+00:00\" \/>\n<meta property=\"og:image\" content=\"https:\/\/website.arbasecurity.com\/wp-content\/uploads\/2023\/11\/finpath-mobileapp-4.png\" \/>\n<meta name=\"twitter:card\" content=\"summary_large_image\" \/>\n<script type=\"application\/ld+json\" class=\"yoast-schema-graph\">{\"@context\":\"https:\/\/schema.org\",\"@graph\":[{\"@type\":\"WebPage\",\"@id\":\"https:\/\/website.arbasecurity.com\/da\/book-demo\/\",\"url\":\"https:\/\/website.arbasecurity.com\/da\/book-demo\/\",\"name\":\"Book demo - Arba Security\",\"isPartOf\":{\"@id\":\"https:\/\/34.244.239.21\/#website\"},\"primaryImageOfPage\":{\"@id\":\"https:\/\/website.arbasecurity.com\/da\/book-demo\/#primaryimage\"},\"image\":{\"@id\":\"https:\/\/website.arbasecurity.com\/da\/book-demo\/#primaryimage\"},\"thumbnailUrl\":\"https:\/\/website.arbasecurity.com\/wp-content\/uploads\/2023\/11\/finpath-mobileapp-4.png\",\"datePublished\":\"2023-12-23T19:28:56+00:00\",\"dateModified\":\"2025-02-27T13:03:14+00:00\",\"breadcrumb\":{\"@id\":\"https:\/\/website.arbasecurity.com\/da\/book-demo\/#breadcrumb\"},\"inLanguage\":\"da-DK\",\"potentialAction\":[{\"@type\":\"ReadAction\",\"target\":[\"https:\/\/website.arbasecurity.com\/da\/book-demo\/\"]}]},{\"@type\":\"ImageObject\",\"inLanguage\":\"da-DK\",\"@id\":\"https:\/\/website.arbasecurity.com\/da\/book-demo\/#primaryimage\",\"url\":\"https:\/\/website.arbasecurity.com\/wp-content\/uploads\/2023\/11\/finpath-mobileapp-4.png\",\"contentUrl\":\"https:\/\/website.arbasecurity.com\/wp-content\/uploads\/2023\/11\/finpath-mobileapp-4.png\"},{\"@type\":\"BreadcrumbList\",\"@id\":\"https:\/\/website.arbasecurity.com\/da\/book-demo\/#breadcrumb\",\"itemListElement\":[{\"@type\":\"ListItem\",\"position\":1,\"name\":\"Home\",\"item\":\"https:\/\/arbasecurity.com\/da\/\"},{\"@type\":\"ListItem\",\"position\":2,\"name\":\"Book demo\"}]},{\"@type\":\"WebSite\",\"@id\":\"https:\/\/34.244.239.21\/#website\",\"url\":\"https:\/\/34.244.239.21\/\",\"name\":\"Arba Security\",\"description\":\"\",\"publisher\":{\"@id\":\"https:\/\/34.244.239.21\/#organization\"},\"potentialAction\":[{\"@type\":\"SearchAction\",\"target\":{\"@type\":\"EntryPoint\",\"urlTemplate\":\"https:\/\/34.244.239.21\/?s={search_term_string}\"},\"query-input\":{\"@type\":\"PropertyValueSpecification\",\"valueRequired\":true,\"valueName\":\"search_term_string\"}}],\"inLanguage\":\"da-DK\"},{\"@type\":\"Organization\",\"@id\":\"https:\/\/34.244.239.21\/#organization\",\"name\":\"Arba Security\",\"url\":\"https:\/\/34.244.239.21\/\",\"logo\":{\"@type\":\"ImageObject\",\"inLanguage\":\"da-DK\",\"@id\":\"https:\/\/34.244.239.21\/#\/schema\/logo\/image\/\",\"url\":\"https:\/\/website.arbasecurity.com\/wp-content\/uploads\/2023\/11\/site-logo.png\",\"contentUrl\":\"https:\/\/website.arbasecurity.com\/wp-content\/uploads\/2023\/11\/site-logo.png\",\"width\":350,\"height\":121,\"caption\":\"Arba Security\"},\"image\":{\"@id\":\"https:\/\/34.244.239.21\/#\/schema\/logo\/image\/\"}}]}<\/script>\n<!-- \/ Yoast SEO plugin. -->","yoast_head_json":{"title":"Book demo - Arba Security","robots":{"index":"index","follow":"follow","max-snippet":"max-snippet:-1","max-image-preview":"max-image-preview:large","max-video-preview":"max-video-preview:-1"},"canonical":"https:\/\/website.arbasecurity.com\/da\/book-demo\/","og_locale":"da_DK","og_type":"article","og_title":"Book demo - Arba Security","og_description":"F\u00e6rdige skabeloner Book en demo p\u00e5 free Du er velkommen til at kontakte os ved hj\u00e6lp af nedenst\u00e5ende muligheder, og vores dedikerede team vil svare p\u00e5 dine foresp\u00f8rgsler med det samme. Home Your name * Company name Phone number * Email address * Anything else you would like us to know? I understand and agree [&hellip;]","og_url":"https:\/\/website.arbasecurity.com\/da\/book-demo\/","og_site_name":"Arba Security","article_modified_time":"2025-02-27T13:03:14+00:00","og_image":[{"url":"https:\/\/website.arbasecurity.com\/wp-content\/uploads\/2023\/11\/finpath-mobileapp-4.png","type":"","width":"","height":""}],"twitter_card":"summary_large_image","schema":{"@context":"https:\/\/schema.org","@graph":[{"@type":"WebPage","@id":"https:\/\/website.arbasecurity.com\/da\/book-demo\/","url":"https:\/\/website.arbasecurity.com\/da\/book-demo\/","name":"Book demo - Arba Security","isPartOf":{"@id":"https:\/\/34.244.239.21\/#website"},"primaryImageOfPage":{"@id":"https:\/\/website.arbasecurity.com\/da\/book-demo\/#primaryimage"},"image":{"@id":"https:\/\/website.arbasecurity.com\/da\/book-demo\/#primaryimage"},"thumbnailUrl":"https:\/\/website.arbasecurity.com\/wp-content\/uploads\/2023\/11\/finpath-mobileapp-4.png","datePublished":"2023-12-23T19:28:56+00:00","dateModified":"2025-02-27T13:03:14+00:00","breadcrumb":{"@id":"https:\/\/website.arbasecurity.com\/da\/book-demo\/#breadcrumb"},"inLanguage":"da-DK","potentialAction":[{"@type":"ReadAction","target":["https:\/\/website.arbasecurity.com\/da\/book-demo\/"]}]},{"@type":"ImageObject","inLanguage":"da-DK","@id":"https:\/\/website.arbasecurity.com\/da\/book-demo\/#primaryimage","url":"https:\/\/website.arbasecurity.com\/wp-content\/uploads\/2023\/11\/finpath-mobileapp-4.png","contentUrl":"https:\/\/website.arbasecurity.com\/wp-content\/uploads\/2023\/11\/finpath-mobileapp-4.png"},{"@type":"BreadcrumbList","@id":"https:\/\/website.arbasecurity.com\/da\/book-demo\/#breadcrumb","itemListElement":[{"@type":"ListItem","position":1,"name":"Home","item":"https:\/\/arbasecurity.com\/da\/"},{"@type":"ListItem","position":2,"name":"Book demo"}]},{"@type":"WebSite","@id":"https:\/\/34.244.239.21\/#website","url":"https:\/\/34.244.239.21\/","name":"Arba Security","description":"","publisher":{"@id":"https:\/\/34.244.239.21\/#organization"},"potentialAction":[{"@type":"SearchAction","target":{"@type":"EntryPoint","urlTemplate":"https:\/\/34.244.239.21\/?s={search_term_string}"},"query-input":{"@type":"PropertyValueSpecification","valueRequired":true,"valueName":"search_term_string"}}],"inLanguage":"da-DK"},{"@type":"Organization","@id":"https:\/\/34.244.239.21\/#organization","name":"Arba Security","url":"https:\/\/34.244.239.21\/","logo":{"@type":"ImageObject","inLanguage":"da-DK","@id":"https:\/\/34.244.239.21\/#\/schema\/logo\/image\/","url":"https:\/\/website.arbasecurity.com\/wp-content\/uploads\/2023\/11\/site-logo.png","contentUrl":"https:\/\/website.arbasecurity.com\/wp-content\/uploads\/2023\/11\/site-logo.png","width":350,"height":121,"caption":"Arba Security"},"image":{"@id":"https:\/\/34.244.239.21\/#\/schema\/logo\/image\/"}}]}},"_links":{"self":[{"href":"https:\/\/website.arbasecurity.com\/da\/wp-json\/wp\/v2\/pages\/25721","targetHints":{"allow":["GET"]}}],"collection":[{"href":"https:\/\/website.arbasecurity.com\/da\/wp-json\/wp\/v2\/pages"}],"about":[{"href":"https:\/\/website.arbasecurity.com\/da\/wp-json\/wp\/v2\/types\/page"}],"author":[{"embeddable":true,"href":"https:\/\/website.arbasecurity.com\/da\/wp-json\/wp\/v2\/users\/1"}],"replies":[{"embeddable":true,"href":"https:\/\/website.arbasecurity.com\/da\/wp-json\/wp\/v2\/comments?post=25721"}],"version-history":[{"count":3,"href":"https:\/\/website.arbasecurity.com\/da\/wp-json\/wp\/v2\/pages\/25721\/revisions"}],"predecessor-version":[{"id":25777,"href":"https:\/\/website.arbasecurity.com\/da\/wp-json\/wp\/v2\/pages\/25721\/revisions\/25777"}],"wp:attachment":[{"href":"https:\/\/website.arbasecurity.com\/da\/wp-json\/wp\/v2\/media?parent=25721"}],"curies":[{"name":"wp","href":"https:\/\/api.w.org\/{rel}","templated":true}]}}