{"id":25745,"date":"2023-11-29T14:20:42","date_gmt":"2023-11-29T14:20:42","guid":{"rendered":"https:\/\/arba-public-website-wordpress-production.up.railway.app\/privatlivspolitik\/"},"modified":"2025-03-11T08:52:09","modified_gmt":"2025-03-11T08:52:09","slug":"privatlivspolitik","status":"publish","type":"page","link":"https:\/\/website.arbasecurity.com\/da\/privatlivspolitik\/","title":{"rendered":"Privatlivspolitik"},"content":{"rendered":"\t\t<div data-elementor-type=\"wp-page\" data-elementor-id=\"25745\" class=\"elementor elementor-25745 elementor-23704\">\n\t\t\t\t<div class=\"elementor-element elementor-element-6d2db71 e-flex e-con-boxed e-con e-parent\" data-id=\"6d2db71\" data-element_type=\"container\" data-settings=\"{&quot;background_background&quot;:&quot;classic&quot;}\">\n\t\t\t\t\t<div class=\"e-con-inner\">\n\t\t<div class=\"elementor-element elementor-element-03b6fea e-con-full e-flex e-con e-child\" data-id=\"03b6fea\" data-element_type=\"container\">\n\t\t\t\t<div class=\"elementor-element elementor-element-0ae7a6c animated-fast elementor-invisible elementor-widget elementor-widget-elementskit-heading\" data-id=\"0ae7a6c\" data-element_type=\"widget\" data-settings=\"{&quot;ekit_we_effect_on&quot;:&quot;css&quot;,&quot;_animation&quot;:&quot;fadeIn&quot;,&quot;_animation_delay&quot;:100}\" data-widget_type=\"elementskit-heading.default\">\n\t\t\t\t<div class=\"elementor-widget-container\">\n\t\t\t\t\t<div class=\"ekit-wid-con\" ><div class=\"ekit-heading elementskit-section-title-wraper text_left   ekit_heading_tablet-   ekit_heading_mobile-\"><h1 class=\"ekit-heading--title elementskit-section-title \">Privatlivspolitik<\/h1>\t\t\t\t<div class='ekit-heading__description'>\n\t\t\t\t\t<p><strong>Sidst \u00e6ndret:<\/strong> May 31, 2024<\/p>\n\t\t\t\t<\/div>\n\t\t\t<\/div><\/div>\t\t\t\t<\/div>\n\t\t\t\t<\/div>\n\t\t\t\t<\/div>\n\t\t\t\t\t<\/div>\n\t\t\t\t<\/div>\n\t\t<div class=\"elementor-element elementor-element-77da61a e-flex e-con-boxed e-con e-parent\" data-id=\"77da61a\" data-element_type=\"container\" data-settings=\"{&quot;animation&quot;:&quot;none&quot;}\">\n\t\t\t\t\t<div class=\"e-con-inner\">\n\t\t<div class=\"elementor-element elementor-element-420a6b3 e-con-full elementor-hidden-tablet elementor-hidden-mobile e-flex e-con e-child\" data-id=\"420a6b3\" data-element_type=\"container\">\n\t\t<div class=\"elementor-element elementor-element-37d5340 e-con-full ekit-sticky--top e-flex e-con e-child\" data-id=\"37d5340\" data-element_type=\"container\" data-settings=\"{&quot;ekit_sticky&quot;:&quot;top&quot;,&quot;ekit_sticky_offset&quot;:{&quot;unit&quot;:&quot;px&quot;,&quot;size&quot;:175,&quot;sizes&quot;:[]},&quot;ekit_sticky_until&quot;:&quot;section7&quot;,&quot;ekit_sticky_offset_tablet&quot;:{&quot;unit&quot;:&quot;px&quot;,&quot;size&quot;:&quot;&quot;,&quot;sizes&quot;:[]},&quot;ekit_sticky_offset_mobile&quot;:{&quot;unit&quot;:&quot;px&quot;,&quot;size&quot;:&quot;&quot;,&quot;sizes&quot;:[]},&quot;ekit_sticky_on_desktop&quot;:&quot;desktop&quot;,&quot;ekit_sticky_effect_offset&quot;:{&quot;unit&quot;:&quot;px&quot;,&quot;size&quot;:0,&quot;sizes&quot;:[]},&quot;ekit_sticky_effect_offset_tablet&quot;:{&quot;unit&quot;:&quot;px&quot;,&quot;size&quot;:&quot;&quot;,&quot;sizes&quot;:[]},&quot;ekit_sticky_effect_offset_mobile&quot;:{&quot;unit&quot;:&quot;px&quot;,&quot;size&quot;:&quot;&quot;,&quot;sizes&quot;:[]}}\">\n\t\t\t\t<div class=\"elementor-element elementor-element-41a4d26 sticky-navigation animated-fast elementor-hidden-tablet elementor-hidden-mobile elementor-invisible elementor-widget elementor-widget-elementskit-stylish-list\" data-id=\"41a4d26\" data-element_type=\"widget\" data-settings=\"{&quot;_animation&quot;:&quot;fadeIn&quot;,&quot;ekit_we_effect_on&quot;:&quot;none&quot;}\" data-widget_type=\"elementskit-stylish-list.default\">\n\t\t\t\t<div class=\"elementor-widget-container\">\n\t\t\t\t\t<div class=\"ekit-wid-con\">\t\t<ul class=\"ekit-stylish-list \" >\n\t\t\t\t\t\t\t<li class=\"ekit-stylish-list-content-wrapper elementor-repeater-item-dbd1c0d\" >\n\t\t\t\t\t\t\t\t\t\t\t<a class=\"ekit-wrapper-link\" href=\"#section1\"><\/a>\n\t\t\t\t\t\t\t\t\t\t<div class=\"ekit-stylish-list-content\">\n\t\t\t\t\t\t\t\t\t\t\t\t\t\t\t\t\t\t\t\t\t\t\t\t<div class=\"ekit-stylish-list-content-text\">\n\t\t\t\t\t\t\t<span class=\"ekit-stylish-list-content-title\">Privatlivspolitik<\/span>\n\t\t\t\t\t\t\t\t\t\t\t\t\t<\/div>\n\t\t\t\t\t\t\t\t\t\t\t<\/div>\n\t\t\t\t\t\n\t\t\t\t<\/li>\n\t\t\t\t\t\t\t\t\t<\/ul>\n\t<\/div>\t\t\t\t<\/div>\n\t\t\t\t<\/div>\n\t\t\t\t<\/div>\n\t\t\t\t<\/div>\n\t\t<div class=\"elementor-element elementor-element-93a245c e-con-full e-flex e-con e-child\" data-id=\"93a245c\" data-element_type=\"container\">\n\t\t<div class=\"elementor-element elementor-element-cb5a383 e-con-full sticky-section e-flex e-con e-child\" data-id=\"cb5a383\" data-element_type=\"container\" id=\"section1\">\n\t\t<div class=\"elementor-element elementor-element-e0ef657 e-con-full e-flex e-con e-child\" data-id=\"e0ef657\" data-element_type=\"container\">\n\t\t\t\t<div class=\"elementor-element elementor-element-15667e7 animated-fast elementor-invisible elementor-widget elementor-widget-elementskit-heading\" data-id=\"15667e7\" data-element_type=\"widget\" data-settings=\"{&quot;_animation&quot;:&quot;fadeIn&quot;,&quot;_animation_delay&quot;:100,&quot;ekit_we_effect_on&quot;:&quot;none&quot;}\" data-widget_type=\"elementskit-heading.default\">\n\t\t\t\t<div class=\"elementor-widget-container\">\n\t\t\t\t\t<div class=\"ekit-wid-con\" ><div class=\"ekit-heading elementskit-section-title-wraper text_left   ekit_heading_tablet-   ekit_heading_mobile-\"><h3 class=\"ekit-heading--title elementskit-section-title \">Privatlivspolitik<\/h3><\/div><\/div>\t\t\t\t<\/div>\n\t\t\t\t<\/div>\n\t\t\t\t<\/div>\n\t\t<div class=\"elementor-element elementor-element-757c5f0 e-con-full e-flex e-con e-child\" data-id=\"757c5f0\" data-element_type=\"container\">\n\t\t\t\t<div class=\"elementor-element elementor-element-ad6dc99 animated-fast elementor-invisible elementor-widget elementor-widget-text-editor\" data-id=\"ad6dc99\" data-element_type=\"widget\" data-settings=\"{&quot;_animation&quot;:&quot;fadeIn&quot;,&quot;_animation_delay&quot;:100,&quot;ekit_we_effect_on&quot;:&quot;none&quot;}\" data-widget_type=\"text-editor.default\">\n\t\t\t\t<div class=\"elementor-widget-container\">\n\t\t\t\t\t\t\t\t\t<p>Hos Arba Security ApS (&#8220;Arba Security&#8221;, &#8220;vi&#8221;, &#8220;os&#8221; eller &#8220;vores&#8221;) prioriterer vi fortrolighed og datasikkerhed h\u00f8jt. Denne privatlivspolitik g\u00e6lder for vores behandling af personoplysninger og fastl\u00e6gger retningslinjer for, hvordan Arba Security behandler dine personoplysninger. Den giver dig samtidig den information, du har krav p\u00e5 i henhold til g\u00e6ldende databeskyttelseslovgivning. Vi anbefaler, at du l\u00e6ser privatlivspolitikken, inden du videregiver dine personoplysninger til Arba Security.<\/p><h4 style=\"padding-top: 32px;\">Dataansvarlig og kontaktoplysninger<\/h4><p>Den dataansvarlige for dine personoplysninger er:<\/p><p><strong>Arba Security ApS<\/strong><br \/>Adresse: Pustervig 3, 4., 1126 K\u00f8benhavn K<br \/>CVR-no.: 44895498<br \/>E-mail: info@arbasecurity.com<br \/>Telefon nummber: (+45) 52 51 24 60<\/p><p style=\"font-weight: bold;\">Hvis du bes\u00f8ger <a href=\"https:\/\/arbasecurity.com\">https:\/\/arbasecurity.com<\/a><\/p><p style=\"font-weight: bold;\">Hvis du bruger kontaktformularen eller chatfunktionen p\u00e5 webstedet, kontakter kundeservice eller p\u00e5 anden m\u00e5de kommunikerer med os<\/p><h5>Typer af personoplysninger<\/h5><p>N\u00e5r du bruger kontaktformularen eller chatfunktionen p\u00e5 hjemmesiden, kontakter kundeservice eller p\u00e5 anden m\u00e5de kommunikerer med Arba Security, indsamler og behandler vi dine personoplysninger, herunder:<\/p><ul><li>Navn, e-mailadresse, telefonnummer<\/li><li>Hvad din henvendelse handler om<\/li><li>Dato for din foresp\u00f8rgsel<\/li><li>Andre oplysninger du giver i forbindelse med din henvendelsen<\/li><\/ul><p>Vi opfordrer dig til ikke at opgive f\u00f8lsomme personoplysninger til os, medmindre det er strengt n\u00f8dvendigt for behandlingen af \u200b\u200bdin henvendelse. I denne sammenh\u00e6ng b\u00f8r oplysningerne kun sendes i en h\u00f8jkrypteret form, hvis du sender oplysningerne p\u00e5 e-mail.<\/p><h5>Processens form\u00e5l<\/h5><p>Dine personoplysninger vil blive behandlet til f\u00f8lgende form\u00e5l:<\/p><ul><li>H\u00e5ndtering af din henvendelse<\/li><\/ul><h5>Retsgrundlag for behandling<\/h5><p>Arba Security behandler dine personoplysninger p\u00e5 nedenst\u00e5ende grundlag. Grundlaget afh\u00e6nger af arten af \u200b\u200bdin henvendelse.<\/p><ul><li><strong>Legitime interesser:<\/strong> Vi kan behandle dine personoplysninger p\u00e5 baggrund af vores legitime interesse i at h\u00e5ndtere din henvendelse, kommunikere med dig og udvikle vores produkter og tjenester (artikel 6(1)(f) i databeskyttelsesforordning).<\/li><li><strong>Kontraktuelle forpligtelser:<\/strong> Hvis din henvendelse vedr\u00f8rer indg\u00e5elsen af en (eventuel) kontrakt, behandler vi dine oplysninger med henblik p\u00e5 at gennemf\u00f8re foranstaltninger forud for indg\u00e5elsen af kontrakten (artikel 6, stk. 1, litra b, i databeskyttelsesforordningen).<\/li><\/ul><h5>Opbevaringsperiode<\/h5><p>Vi opbevarer generelle henvendelser i op til tre \u00e5r, afh\u00e6ngigt af henvendelsens karakter og indhold.<\/p><h4 style=\"padding-top: 32px;\">Hvis du er leverand\u00f8r, kommerciel (B2B) kunde, samarbejdspartner osv.<\/h4><h5>Indsamling af personoplysninger<\/h5><p>Arba Security kan indsamle, behandle og opbevare dine personoplysninger i f\u00f8lgende tilf\u00e6lde:<\/p><ul><li>N\u00e5r din virksomhed eller den virksomhed, du arbejder hos, indg\u00e5r en aftale med Arba Security<\/li><li>N\u00e5r du har vist interesse for Arba Securitys produkter og tjenester<\/li><li>N\u00e5r du samarbejder og kommunikerer med Arba Security<\/li><\/ul><h5>Typer af personoplysninger<\/h5><p>Arba Security kan indsamle, behandle og opbevare f\u00f8lgende typer personlige data om dig:<\/p><ul><li>Navn, emailadresse, telefonnummer og tilh\u00f8rende kontaktoplysninger<\/li><li>Individuelle oplysninger, f.eks. foretrukne sprog<\/li><li>Organisatoriske oplysninger s\u00e5som navn og adresse p\u00e5 virksomheden, stillingsbetegnelse og ans\u00e6ttelsesomr\u00e5de<\/li><li>Kontraktoplysninger s\u00e5som ordrer, fakturaer, kontrakter og andre aftaler<\/li><li>Finansielle oplysninger s\u00e5som betalingsbetingelser, bankoplysninger og kreditvurderinger<\/li><\/ul><h5>Form\u00e5let med behandlingen<\/h5><p>Dine personoplysninger kan blive behandlet til f\u00f8lgende form\u00e5l:<\/p><ul><li>Generel planl\u00e6gning, opfyldelse og behandling af samarbejde<\/li><li>Administration s\u00e5som behandling af betalinger, vurderingsevalueringer og revision<\/li><li>Foresp\u00f8rgsler fra dig<\/li><li>Produkt- og serviceudvikling<\/li><li>Compliance af g\u00e6ldende love og regler<\/li><li>H\u00e5ndtering af konflikter<\/li><\/ul><h5>Opbevaringsperiode<\/h5><p>Dine personlige data vil blive opbevaret s\u00e5 l\u00e6nge det er n\u00f8dvendigt. S\u00e6rlovgivning som fx bogf\u00f8ringsloven kan dog kr\u00e6ve l\u00e6ngere opbevaringsperioder.<\/p><h4 style=\"padding-top: 32px;\">Videregivelse til andre dataansvarlige og overladelse til databehandlere<\/h4><p>Vi kan give tredjeparter adgang til dine personoplysninger, s\u00e5som it-leverand\u00f8rer eller andre leverand\u00f8rer, der behandler personoplysninger for os. Enhver overf\u00f8rsel af data uden for EU\/E\u00d8S vil v\u00e6re baseret p\u00e5 EU-Kommissionens standardkontrakter.<\/p><h4 style=\"padding-top: 32px;\">Dine rettigheder<\/h4><ul><li>Ret til adgang til dine personoplysninger<\/li><li>Ret til at g\u00f8re indsigelse mod behandling<\/li><li>Ret til berigtigelse og sletning<\/li><li>Ret til begr\u00e6nsning af behandlingen<\/li><li>Ret til dataportabilitet<\/li><li>Ret til at tr\u00e6kke samtykke tilbage<\/li><\/ul><h4 style=\"padding-top: 32px;\">Sp\u00f8rgsm\u00e5l og klager<\/h4><p>Hvis du har sp\u00f8rgsm\u00e5l eller klager, s\u00e5 kontakt os her:<\/p><p><strong>Arba Security ApS<\/strong><br \/>Adresse: Pustervig 3, 4., 1126 K\u00f8benhavn K<br \/>E-mail: info@arbasecurity.com<br \/>Telefon nummer: (+45) 52 51 24 60<\/p><p>Hvis det ikke er afklaret, kan du klage til Datatilsynet:<\/p><p><strong>Datatilsynet<\/strong><br \/>Carl Jacobsens Vej 35, 2500 Valby<br \/>Telefon nummer: (+45) 33 19 32 00<br \/>E-mail: dt@datatilsynet.dk<\/p>\t\t\t\t\t\t\t\t<\/div>\n\t\t\t\t<\/div>\n\t\t\t\t<\/div>\n\t\t\t\t<\/div>\n\t\t\t\t<\/div>\n\t\t\t\t\t<\/div>\n\t\t\t\t<\/div>\n\t\t\t\t<\/div>\n\t\t","protected":false},"excerpt":{"rendered":"<p>Privatlivspolitik Sidst \u00e6ndret: May 31, 2024 Privatlivspolitik Privatlivspolitik Hos Arba Security ApS (&#8220;Arba Security&#8221;, &#8220;vi&#8221;, &#8220;os&#8221; eller &#8220;vores&#8221;) prioriterer vi fortrolighed og datasikkerhed h\u00f8jt. Denne privatlivspolitik g\u00e6lder for vores behandling af personoplysninger og fastl\u00e6gger retningslinjer for, hvordan Arba Security behandler dine personoplysninger. Den giver dig samtidig den information, du har krav p\u00e5 i henhold til [&hellip;]<\/p>\n","protected":false},"author":1,"featured_media":0,"parent":0,"menu_order":0,"comment_status":"closed","ping_status":"closed","template":"","meta":{"footnotes":""},"class_list":["post-25745","page","type-page","status-publish","hentry"],"yoast_head":"<!-- This site is optimized with the Yoast SEO plugin v24.4 - https:\/\/yoast.com\/wordpress\/plugins\/seo\/ -->\n<title>Privatlivspolitik - Arba Security<\/title>\n<meta name=\"robots\" content=\"index, follow, max-snippet:-1, max-image-preview:large, max-video-preview:-1\" \/>\n<link rel=\"canonical\" href=\"https:\/\/website.arbasecurity.com\/da\/privatlivspolitik\/\" \/>\n<meta property=\"og:locale\" content=\"da_DK\" \/>\n<meta property=\"og:type\" content=\"article\" \/>\n<meta property=\"og:title\" content=\"Privatlivspolitik - Arba Security\" \/>\n<meta property=\"og:description\" content=\"Privatlivspolitik Sidst \u00e6ndret: May 31, 2024 Privatlivspolitik Privatlivspolitik Hos Arba Security ApS (&#8220;Arba Security&#8221;, &#8220;vi&#8221;, &#8220;os&#8221; eller &#8220;vores&#8221;) prioriterer vi fortrolighed og datasikkerhed h\u00f8jt. Denne privatlivspolitik g\u00e6lder for vores behandling af personoplysninger og fastl\u00e6gger retningslinjer for, hvordan Arba Security behandler dine personoplysninger. Den giver dig samtidig den information, du har krav p\u00e5 i henhold til [&hellip;]\" \/>\n<meta property=\"og:url\" content=\"https:\/\/website.arbasecurity.com\/da\/privatlivspolitik\/\" \/>\n<meta property=\"og:site_name\" content=\"Arba Security\" \/>\n<meta property=\"article:modified_time\" content=\"2025-03-11T08:52:09+00:00\" \/>\n<meta name=\"twitter:card\" content=\"summary_large_image\" \/>\n<meta name=\"twitter:label1\" content=\"Estimeret l\u00e6setid\" \/>\n\t<meta name=\"twitter:data1\" content=\"4 minutter\" \/>\n<script type=\"application\/ld+json\" class=\"yoast-schema-graph\">{\"@context\":\"https:\/\/schema.org\",\"@graph\":[{\"@type\":\"WebPage\",\"@id\":\"https:\/\/website.arbasecurity.com\/da\/privatlivspolitik\/\",\"url\":\"https:\/\/website.arbasecurity.com\/da\/privatlivspolitik\/\",\"name\":\"Privatlivspolitik - Arba Security\",\"isPartOf\":{\"@id\":\"https:\/\/34.244.239.21\/#website\"},\"datePublished\":\"2023-11-29T14:20:42+00:00\",\"dateModified\":\"2025-03-11T08:52:09+00:00\",\"breadcrumb\":{\"@id\":\"https:\/\/website.arbasecurity.com\/da\/privatlivspolitik\/#breadcrumb\"},\"inLanguage\":\"da-DK\",\"potentialAction\":[{\"@type\":\"ReadAction\",\"target\":[\"https:\/\/website.arbasecurity.com\/da\/privatlivspolitik\/\"]}]},{\"@type\":\"BreadcrumbList\",\"@id\":\"https:\/\/website.arbasecurity.com\/da\/privatlivspolitik\/#breadcrumb\",\"itemListElement\":[{\"@type\":\"ListItem\",\"position\":1,\"name\":\"Home\",\"item\":\"https:\/\/arbasecurity.com\/da\/\"},{\"@type\":\"ListItem\",\"position\":2,\"name\":\"Privatlivspolitik\"}]},{\"@type\":\"WebSite\",\"@id\":\"https:\/\/34.244.239.21\/#website\",\"url\":\"https:\/\/34.244.239.21\/\",\"name\":\"Arba Security\",\"description\":\"\",\"publisher\":{\"@id\":\"https:\/\/34.244.239.21\/#organization\"},\"potentialAction\":[{\"@type\":\"SearchAction\",\"target\":{\"@type\":\"EntryPoint\",\"urlTemplate\":\"https:\/\/34.244.239.21\/?s={search_term_string}\"},\"query-input\":{\"@type\":\"PropertyValueSpecification\",\"valueRequired\":true,\"valueName\":\"search_term_string\"}}],\"inLanguage\":\"da-DK\"},{\"@type\":\"Organization\",\"@id\":\"https:\/\/34.244.239.21\/#organization\",\"name\":\"Arba Security\",\"url\":\"https:\/\/34.244.239.21\/\",\"logo\":{\"@type\":\"ImageObject\",\"inLanguage\":\"da-DK\",\"@id\":\"https:\/\/34.244.239.21\/#\/schema\/logo\/image\/\",\"url\":\"https:\/\/website.arbasecurity.com\/wp-content\/uploads\/2023\/11\/site-logo.png\",\"contentUrl\":\"https:\/\/website.arbasecurity.com\/wp-content\/uploads\/2023\/11\/site-logo.png\",\"width\":350,\"height\":121,\"caption\":\"Arba Security\"},\"image\":{\"@id\":\"https:\/\/34.244.239.21\/#\/schema\/logo\/image\/\"}}]}<\/script>\n<!-- \/ Yoast SEO plugin. -->","yoast_head_json":{"title":"Privatlivspolitik - Arba Security","robots":{"index":"index","follow":"follow","max-snippet":"max-snippet:-1","max-image-preview":"max-image-preview:large","max-video-preview":"max-video-preview:-1"},"canonical":"https:\/\/website.arbasecurity.com\/da\/privatlivspolitik\/","og_locale":"da_DK","og_type":"article","og_title":"Privatlivspolitik - Arba Security","og_description":"Privatlivspolitik Sidst \u00e6ndret: May 31, 2024 Privatlivspolitik Privatlivspolitik Hos Arba Security ApS (&#8220;Arba Security&#8221;, &#8220;vi&#8221;, &#8220;os&#8221; eller &#8220;vores&#8221;) prioriterer vi fortrolighed og datasikkerhed h\u00f8jt. Denne privatlivspolitik g\u00e6lder for vores behandling af personoplysninger og fastl\u00e6gger retningslinjer for, hvordan Arba Security behandler dine personoplysninger. Den giver dig samtidig den information, du har krav p\u00e5 i henhold til [&hellip;]","og_url":"https:\/\/website.arbasecurity.com\/da\/privatlivspolitik\/","og_site_name":"Arba Security","article_modified_time":"2025-03-11T08:52:09+00:00","twitter_card":"summary_large_image","twitter_misc":{"Estimeret l\u00e6setid":"4 minutter"},"schema":{"@context":"https:\/\/schema.org","@graph":[{"@type":"WebPage","@id":"https:\/\/website.arbasecurity.com\/da\/privatlivspolitik\/","url":"https:\/\/website.arbasecurity.com\/da\/privatlivspolitik\/","name":"Privatlivspolitik - Arba Security","isPartOf":{"@id":"https:\/\/34.244.239.21\/#website"},"datePublished":"2023-11-29T14:20:42+00:00","dateModified":"2025-03-11T08:52:09+00:00","breadcrumb":{"@id":"https:\/\/website.arbasecurity.com\/da\/privatlivspolitik\/#breadcrumb"},"inLanguage":"da-DK","potentialAction":[{"@type":"ReadAction","target":["https:\/\/website.arbasecurity.com\/da\/privatlivspolitik\/"]}]},{"@type":"BreadcrumbList","@id":"https:\/\/website.arbasecurity.com\/da\/privatlivspolitik\/#breadcrumb","itemListElement":[{"@type":"ListItem","position":1,"name":"Home","item":"https:\/\/arbasecurity.com\/da\/"},{"@type":"ListItem","position":2,"name":"Privatlivspolitik"}]},{"@type":"WebSite","@id":"https:\/\/34.244.239.21\/#website","url":"https:\/\/34.244.239.21\/","name":"Arba Security","description":"","publisher":{"@id":"https:\/\/34.244.239.21\/#organization"},"potentialAction":[{"@type":"SearchAction","target":{"@type":"EntryPoint","urlTemplate":"https:\/\/34.244.239.21\/?s={search_term_string}"},"query-input":{"@type":"PropertyValueSpecification","valueRequired":true,"valueName":"search_term_string"}}],"inLanguage":"da-DK"},{"@type":"Organization","@id":"https:\/\/34.244.239.21\/#organization","name":"Arba Security","url":"https:\/\/34.244.239.21\/","logo":{"@type":"ImageObject","inLanguage":"da-DK","@id":"https:\/\/34.244.239.21\/#\/schema\/logo\/image\/","url":"https:\/\/website.arbasecurity.com\/wp-content\/uploads\/2023\/11\/site-logo.png","contentUrl":"https:\/\/website.arbasecurity.com\/wp-content\/uploads\/2023\/11\/site-logo.png","width":350,"height":121,"caption":"Arba Security"},"image":{"@id":"https:\/\/34.244.239.21\/#\/schema\/logo\/image\/"}}]}},"_links":{"self":[{"href":"https:\/\/website.arbasecurity.com\/da\/wp-json\/wp\/v2\/pages\/25745","targetHints":{"allow":["GET"]}}],"collection":[{"href":"https:\/\/website.arbasecurity.com\/da\/wp-json\/wp\/v2\/pages"}],"about":[{"href":"https:\/\/website.arbasecurity.com\/da\/wp-json\/wp\/v2\/types\/page"}],"author":[{"embeddable":true,"href":"https:\/\/website.arbasecurity.com\/da\/wp-json\/wp\/v2\/users\/1"}],"replies":[{"embeddable":true,"href":"https:\/\/website.arbasecurity.com\/da\/wp-json\/wp\/v2\/comments?post=25745"}],"version-history":[{"count":4,"href":"https:\/\/website.arbasecurity.com\/da\/wp-json\/wp\/v2\/pages\/25745\/revisions"}],"predecessor-version":[{"id":25886,"href":"https:\/\/website.arbasecurity.com\/da\/wp-json\/wp\/v2\/pages\/25745\/revisions\/25886"}],"wp:attachment":[{"href":"https:\/\/website.arbasecurity.com\/da\/wp-json\/wp\/v2\/media?parent=25745"}],"curies":[{"name":"wp","href":"https:\/\/api.w.org\/{rel}","templated":true}]}}